{"id":98,"date":"2021-07-08T15:58:40","date_gmt":"2021-07-08T15:58:40","guid":{"rendered":"https:\/\/www.cssigniter.com\/demos\/roxima\/?page_id=4"},"modified":"2026-03-13T14:56:02","modified_gmt":"2026-03-13T14:56:02","slug":"home","status":"publish","type":"page","link":"https:\/\/alyser.es\/","title":{"rendered":"Alyser de Maquinaria"},"content":{"rendered":"\n<div id=\"block-1c034d-7507-40\" class=\"wp-block-gutenbee-container alignfull block-1c034d-7507-40 theme-grid has-background-image has-background-overlay\"><style>.wp-block-gutenbee-container.block-1c034d-7507-40 { height: 794px; margin-bottom: 0px; align-items: center; }\n.wp-block-gutenbee-container.block-1c034d-7507-40 > .wp-block-gutenbee-container-background { background-image: url(https:\/\/alyser.es\/wp-content\/uploads\/2026\/03\/Gemini_Generated_Image_nli8m4nli8m4nli8-1-2-scaled.png); background-repeat: no-repeat; background-size: cover; background-position: center center; background-attachment: scroll; }\n\n\n      @media (max-width: 575px) {\n        .wp-block-gutenbee-container.block-1c034d-7507-40 { height: 500px; }\n      }<\/style><div class=\"wp-block-gutenbee-container-inner\"><div class=\"wp-block-gutenbee-container-row wp-block-gutenbee-container-lg\">\n<div class=\"wp-block-gutenbee-column block-a74a29-98fa-47\"><style>@media (max-width: 991px) {\n        .wp-block-gutenbee-column.block-a74a29-98fa-47 { flex-basis: 100%; }\n      }\n    \n\n      @media (max-width: 575px) {\n        .wp-block-gutenbee-column.block-a74a29-98fa-47 { flex-basis: 100%; }\n      }<\/style><div class=\"wp-block-gutenbee-column-content\">\n<h1 id=\"block-6b8034-188b-4e\" class=\"wp-block-gutenbee-heading block-6b8034-188b-4e has-text-color\" style=\"color:#ffffff\"><strong>25 A\u00f1os <\/strong>impulsando tus proyectos<\/h1><style>.wp-block-gutenbee-heading.block-6b8034-188b-4e { margin-bottom: 15px; padding-right: 100px;  padding-left: 100px; font-size: 52px; text-align: center; }\n\n\n      @media (max-width: 991px) {\n        .wp-block-gutenbee-heading.block-6b8034-188b-4e { padding-right: 60px;  padding-left: 60px; }\n      }\n    \n\n      @media (max-width: 575px) {\n        .wp-block-gutenbee-heading.block-6b8034-188b-4e { padding-right: 10px;  padding-left: 10px; font-size: 36px; }\n      }<\/style>\n\n\n\n<div id=\"block-171b65-ee64-4e\" class=\"wp-block-gutenbee-buttons block-171b65-ee64-4e\"><style>.wp-block-gutenbee-buttons.block-171b65-ee64-4e { justify-content: center; }<\/style>\n<div id=\"block-d8e22d-d7fc-40\" class=\"wp-block-gutenbee-button block-d8e22d-d7fc-40\"><style>.wp-block-gutenbee-button.block-d8e22d-d7fc-40 .gutenbee-block-button-link { padding: 15px 32px 15px 32px; }<\/style><a class=\"gutenbee-block-button-link\">Saber M\u00e1s<\/a><\/div>\n<\/div>\n<\/div><\/div>\n<\/div><div class=\"wp-block-gutenbee-container-background-overlay\" style=\"background-color:rgba(0, 0, 0, 0.39)\"><\/div><\/div><div class=\"wp-block-gutenbee-container-background\" data-parallax-speed=\"0.3\"><\/div><\/div>\n\n\n\n<div id=\"block-2d3da6-7295-41\" class=\"wp-block-gutenbee-container block-2d3da6-7295-41\"><style>.wp-block-gutenbee-container.block-2d3da6-7295-41 { margin-right: 50px;  margin-left: 50px; padding-top: 90px;  padding-bottom: 90px; }\n\n\n      @media (max-width: 991px) {\n        .wp-block-gutenbee-container.block-2d3da6-7295-41 { padding-top: 60px;  padding-bottom: 60px; }\n      }\n    \n\n      @media (max-width: 575px) {\n        .wp-block-gutenbee-container.block-2d3da6-7295-41 { margin-right: 50px; padding-bottom: 30px; }\n      }<\/style><div class=\"wp-block-gutenbee-container-inner\"><div class=\"wp-block-gutenbee-container-row wp-block-gutenbee-container-lg\">\n<div class=\"wp-block-gutenbee-column block-99363a-62a9-42\"><div class=\"wp-block-gutenbee-column-content\">\n\n<div class=\"wp-block-gutenbee-spacer block-29f0db-5f29-4f\" aria-hidden=\"true\" id=\"services\"><style>.wp-block-gutenbee-spacer.block-29f0db-5f29-4f { height: 10px; }<\/style><div class=\"wp-block-gutenbee-spacer-background\" data-parallax-speed=\"0.3\"><\/div><\/div>\n\n\n<h2 id=\"block-ebdc33-2604-42\" class=\"wp-block-gutenbee-heading block-ebdc33-2604-42\">Tenemos lo que buscas&#8230;<\/h2><style>.wp-block-gutenbee-heading.block-ebdc33-2604-42 { margin-bottom: 0px; text-align: center; }<\/style>\n\n\n<div id=\"block-d5ffb1-5be4-44\" class=\"wp-block-gutenbee-container block-d5ffb1-5be4-44\"><div class=\"wp-block-gutenbee-container-inner\"><div class=\"wp-block-gutenbee-container-row wp-block-gutenbee-container-lg\">\n\n<div class=\"wp-block-gutenbee-column block-864eea-b5ea-43\"><style>@media (max-width: 991px) {\n        .wp-block-gutenbee-column.block-864eea-b5ea-43 { flex-basis: 50%; }\n      }\n    \n      @media (max-width: 575px) {\n        .wp-block-gutenbee-column.block-864eea-b5ea-43 { flex-basis: 100%; }\n      }<\/style><div class=\"wp-block-gutenbee-column-content\">\n\n<div id=\"block-1c6f66-ee88-4d\" class=\"wp-block-gutenbee-iconbox block-1c6f66-ee88-4d wp-block-gutenbee-iconbox-align-center wp-block-gutenbee-iconbox-content-align-left\"><style>@media (max-width: 575px) {\n        .wp-block-gutenbee-iconbox.block-1c6f66-ee88-4d { margin-top: 0px; }\n      }<\/style><div id=\"block-1c6f66-ee88-4d-icon\" class=\"block-1c6f66-ee88-4d-icon gutenbee-icon-block align-center gutenbee-icon-block-framed gutenbee-icon-block-shape-circle\"><style>.gutenbee-icon-block.block-1c6f66-ee88-4d-icon .gutenbee-icon-block-icon-wrap { font-size: 40px; }\n.gutenbee-icon-block.block-1c6f66-ee88-4d-icon svg { width: 40px; height: 40px; }<\/style><span class=\"gutenbee-icon-block-icon-wrap\" style=\"color:#ff0000;border-color:#ff0000;width:2em;height:2em;border-width:3px\"><svg viewBox=\"0 0 24 24\" class=\"\" preserveAspectRatio=\"xMidYMid meet\"><path fill=\"#5c6671\" d=\"M13.5 19c-1.378 0-2.5 1.122-2.5 2.5s1.122 2.5 2.5 2.5 2.5-1.122 2.5-2.5-1.122-2.5-2.5-2.5zm0 4c-.827 0-1.5-.673-1.5-1.5s.673-1.5 1.5-1.5 1.5.673 1.5 1.5-.673 1.5-1.5 1.5zm8-4c-1.378 0-2.5 1.122-2.5 2.5s1.122 2.5 2.5 2.5 2.5-1.122 2.5-2.5-1.122-2.5-2.5-2.5zm0 4c-.827 0-1.5-.673-1.5-1.5s.673-1.5 1.5-1.5 1.5.673 1.5 1.5-.673 1.5-1.5 1.5zm-.18-5h2.18a.5.5 0 00.488-.608l-1.681-7.565A2.318 2.318 0 0020.03 8h-5.06a2.317 2.317 0 00-2.277 1.827l-1.681 7.565A.498.498 0 0011.5 18h2.628a1.71 1.71 0 011.538.95l.387.773a.5.5 0 00.447.276h2a.499.499 0 00.447-.277l.186-.372a2.43 2.43 0 012.186-1.351zm-6.248-.811L15.91 13h.59a.5.5 0 000-1h-2a.5.5 0 000 1h.39l-.8 4h-1.967l1.546-6.957A1.34 1.34 0 0114.97 9h5.06c.62 0 1.167.439 1.301 1.043L22.21 14H18.5a.5.5 0 00-.447.276l-1.852 3.703a2.68 2.68 0 00-1.129-.791zm3.167 1.716l-.048.096h-1.382l-.041-.082a.5.5 0 00.179-.194l1.862-3.724h3.623l.444 2h-1.557a3.425 3.425 0 00-3.081 1.904zM13.621.516l-2-.5a.499.499 0 00-.612.387L7.467 19H.5c-.25 0-.461.185-.496.433s.121.482.362.549l9 2.5c.04.011.086.018.133.018H9.5a.498.498 0 00.491-.403l4.001-21.003a.5.5 0 00-.37-.579zm-4.51 20.857L4.169 20h3.713a.5.5 0 00.491-.406l3.52-18.48 1.028.257-3.81 20.002z\"><\/path><\/svg><\/span><\/div><div class=\"wp-block-gutenbee-iconbox-content\"><h3 class=\"wp-block-gutenbee-iconbox-title\">Maquinaria<\/h3><p class=\"wp-block-gutenbee-iconbox-text\">Plataformas elevadoras, Generadores el\u00e9ctricos, Dumpers, Carretillas elevadoras y un largo etcetera&#8230; Contamos con un amplio catalogo de maquinaria en alquiler para dar soluciones a tus proyectos e ideas. Mas de 300 m\u00e1quinas al servicio de nuestros clientes.<\/p><\/div><\/div>\n\n<\/div><\/div>\n\n\n<div class=\"wp-block-gutenbee-column block-8b68ba-47f4-46\"><style>@media (max-width: 991px) {\n        .wp-block-gutenbee-column.block-8b68ba-47f4-46 { flex-basis: 50%; }\n      }\n    \n      @media (max-width: 575px) {\n        .wp-block-gutenbee-column.block-8b68ba-47f4-46 { flex-basis: 100%; }\n      }<\/style><div class=\"wp-block-gutenbee-column-content\">\n\n<div id=\"block-8c22b2-9fbd-49\" class=\"wp-block-gutenbee-iconbox block-8c22b2-9fbd-49 wp-block-gutenbee-iconbox-align-center wp-block-gutenbee-iconbox-content-align-left\"><div id=\"block-8c22b2-9fbd-49-icon\" class=\"block-8c22b2-9fbd-49-icon gutenbee-icon-block align-center gutenbee-icon-block-framed gutenbee-icon-block-shape-circle\"><style>.gutenbee-icon-block.block-8c22b2-9fbd-49-icon .gutenbee-icon-block-icon-wrap { font-size: 40px; }\n.gutenbee-icon-block.block-8c22b2-9fbd-49-icon svg { width: 40px; height: 40px; }<\/style><span class=\"gutenbee-icon-block-icon-wrap\" style=\"color:#ff0101;border-color:#ff0101;width:2em;height:2em;border-width:3px\"><svg viewBox=\"0 0 22 24\" class=\"\" preserveAspectRatio=\"xMidYMid meet\"><path fill=\"#5c6671\" d=\"M22 6.5a.5.5 0 00-.252-.434l-10.5-6c-.007-.004-.016-.002-.023-.006C11.157.025 11.082 0 11 0s-.157.025-.225.06c-.007.004-.016.002-.023.006l-10.5 6A.5.5 0 000 6.5v11c0 .006.004.01.004.016a.478.478 0 00.053.216c.002.003.006.005.007.008.031.057.081.098.132.14.019.015.031.039.052.052l.003.003 10.5 6a.5.5 0 00.496 0l10.5-6 .003-.003c.021-.012.033-.036.052-.052a.488.488 0 00.132-.14c.002-.003.006-.005.007-.008a.492.492 0 00.053-.216c0-.006.004-.01.004-.016v-11zm-1 10.174L12.077 12l2.672-1.4-.233.869a.5.5 0 00.483.629H15a.498.498 0 00.482-.371l.549-2.049a.5.5 0 00-.354-.612l-2.049-.549a.501.501 0 00-.258.966l.898.241-2.769 1.45V1.362l9.5 5.429v9.884zM10.5 1.361v9.812L7.748 9.731l.93-.249a.5.5 0 00-.258-.966l-2.049.549a.5.5 0 00-.354.612l.549 2.049c.06.223.262.371.482.371h.001a.5.5 0 00.483-.629l-.225-.839 2.615 1.37-8.923 4.674V6.789l9.5-5.429zm.5 21.563l-9.459-5.405 8.959-4.693v2.967l-.646-.646a.5.5 0 00-.707.707l1.499 1.499a.486.486 0 00.545.109.477.477 0 00.163-.109l1.499-1.499a.5.5 0 00-.707-.707l-.646.646v-2.967l8.959 4.693L11 22.924z\"><\/path><\/svg><\/span><\/div><div class=\"wp-block-gutenbee-iconbox-content\"><h3 class=\"wp-block-gutenbee-iconbox-title\">Servicios de Gr\u00faa<\/h3><p class=\"wp-block-gutenbee-iconbox-text\">Ofrecemos todo tipo de servicios de elevaci\u00f3n y transporte realizados con Cami\u00f3n gr\u00faa y operados por profesionales con m\u00e1s de 20 a\u00f1os de experiencia. Contamos con diversas soluciones para adaptarnos a todas las situaciones.<\/p><\/div><\/div>\n\n<\/div><\/div>\n\n\n<div class=\"wp-block-gutenbee-column block-d4a661-e310-4d\"><style>@media (max-width: 991px) {\n        .wp-block-gutenbee-column.block-d4a661-e310-4d { flex-basis: 50%; }\n      }\n    \n      @media (max-width: 575px) {\n        .wp-block-gutenbee-column.block-d4a661-e310-4d { flex-basis: 100%; }\n      }<\/style><div class=\"wp-block-gutenbee-column-content\">\n\n<div id=\"block-a1d252-4c24-43\" class=\"wp-block-gutenbee-iconbox block-a1d252-4c24-43 wp-block-gutenbee-iconbox-align-center wp-block-gutenbee-iconbox-content-align-left\"><div id=\"block-a1d252-4c24-43-icon\" class=\"block-a1d252-4c24-43-icon gutenbee-icon-block align-center gutenbee-icon-block-framed gutenbee-icon-block-shape-circle\"><style>.gutenbee-icon-block.block-a1d252-4c24-43-icon .gutenbee-icon-block-icon-wrap { font-size: 40px; }\n.gutenbee-icon-block.block-a1d252-4c24-43-icon svg { width: 40px; height: 40px; }<\/style><span class=\"gutenbee-icon-block-icon-wrap\" style=\"color:#ff0000;border-color:#ff0000;width:2em;height:2em;border-width:3px\"><svg viewBox=\"0 0 24 24\" class=\"\" preserveAspectRatio=\"xMidYMid meet\"><path fill=\"#5c6671\" d=\"M23.846 11.138l-11.5-11a.5.5 0 00-.691 0l-11.5 11a.5.5 0 00.346.861h1.5v10c0 1.103.897 2 2 2h16c1.103 0 2-.897 2-2v-10h1.5a.5.5 0 00.346-.861zM21.5 11a.5.5 0 00-.5.5V22c0 .551-.449 1-1 1H4c-.551 0-1-.449-1-1V11.5a.5.5 0 00-.5-.5h-.754L12 1.192 22.254 11H21.5zm-15 3.5c0 3.033 2.467 5.5 5.5 5.5s5.5-2.467 5.5-5.5S15.033 9 12 9s-5.5 2.467-5.5 5.5zm10 0c0 2.481-2.019 4.5-4.5 4.5s-4.5-2.019-4.5-4.5S9.519 10 12 10s4.5 2.019 4.5 4.5zM11 15.793l3.146-3.146a.5.5 0 01.707.707l-3.5 3.5a.498.498 0 01-.708 0l-2-2a.5.5 0 01.707-.707l1.647 1.646z\"><\/path><\/svg><\/span><\/div><div class=\"wp-block-gutenbee-iconbox-content\"><h3 class=\"wp-block-gutenbee-iconbox-title\">Casetas y Contenedores<\/h3><p class=\"wp-block-gutenbee-iconbox-text\">Contamos con un amplio parque de Casetas prefabricadas o Contenedores Marinos en alquiler de diferentes medidas y para usos diversos, tales como oficinas, aseos, almacenaje, etc&#8230; No dude en consultarnos <\/p><\/div><\/div>\n\n<\/div><\/div>\n\n<\/div><\/div><div class=\"wp-block-gutenbee-container-background\" data-parallax-speed=\"0.3\"><\/div><\/div>\n\n<\/div><\/div>\n<\/div><\/div><div class=\"wp-block-gutenbee-container-background\" data-parallax-speed=\"0.3\"><\/div><\/div>\n\n\n\n<div id=\"block-d6441e-7a6c-4f\" class=\"wp-block-gutenbee-container alignfull block-d6441e-7a6c-4f has-parallax theme-grid has-background-image has-background-overlay\"><style>.wp-block-gutenbee-container.block-d6441e-7a6c-4f { margin-bottom: 0px; padding-top: 85px;  padding-bottom: 65px; align-items: center; }\n.wp-block-gutenbee-container.block-d6441e-7a6c-4f > .wp-block-gutenbee-container-background { background-image: url(https:\/\/slicing.ddev.site\/wp-content\/uploads\/2021\/07\/flatiron.jpg); background-repeat: no-repeat; background-size: cover; background-position: center center; background-attachment: scroll; }\n\n\n      @media (max-width: 991px) {\n        .wp-block-gutenbee-container.block-d6441e-7a6c-4f { padding-top: 65px;  padding-bottom: 50px; }\n      }<\/style><div class=\"wp-block-gutenbee-container-inner\"><div class=\"wp-block-gutenbee-container-row wp-block-gutenbee-container-lg\">\n<div class=\"wp-block-gutenbee-column block-ec0ed8-75ed-41\"><style>.wp-block-gutenbee-column.block-ec0ed8-75ed-41 { flex-basis: 100%; }\n\n\n      @media (max-width: 991px) {\n        .wp-block-gutenbee-column.block-ec0ed8-75ed-41 { flex-basis: 100%; }\n      }\n    \n\n      @media (max-width: 575px) {\n        .wp-block-gutenbee-column.block-ec0ed8-75ed-41 { flex-basis: 100%; }\n      }<\/style><div class=\"wp-block-gutenbee-column-content\">\n<h1 id=\"block-714f56-5f99-45\" class=\"wp-block-gutenbee-heading block-714f56-5f99-45 has-text-color\" style=\"color:#ffffff\"><strong>La confianza de nuestros clientes<\/strong>&#8230;<br><br>&#8230;Nuestra mejor m\u00e1quina<\/h1><style>.wp-block-gutenbee-heading.block-714f56-5f99-45 { margin-bottom: 0px; text-align: center; }<\/style>\n\n\n\n<div class=\"wp-block-buttons is-content-justification-center is-layout-flex wp-container-core-buttons-is-layout-16018d1d wp-block-buttons-is-layout-flex\">\n<div class=\"wp-block-button\"><a class=\"wp-block-button__link wp-element-button\">MAQUINARIA<\/a><\/div>\n<\/div>\n\n\n\n<div id=\"block-1d3f39-7000-41\" class=\"wp-block-gutenbee-slideshow block-1d3f39-7000-41\" data-fade=\"true\" data-autoplay=\"true\" data-arrows=\"true\" data-dots=\"true\" data-infinite=\"true\" data-speed=\"300\" data-autoplay-speed=\"3000\" data-slides-to-show=\"1\" data-slides-to-scroll=\"1\" data-pause-on-hover=\"true\" style=\"color:#FFFFFF\" data-dots-color=\"#FFFFFF\" data-arrows-color=\"#FFFFFF\"><\/div>\n<\/div><\/div>\n<\/div><div class=\"wp-block-gutenbee-container-background-overlay\" style=\"background-color:rgba(255, 0, 0, 0.71)\"><\/div><\/div><div class=\"wp-block-gutenbee-container-background gutenbee-parallax\" data-parallax-speed=\"0.5\"><\/div><\/div>\n\n\n\n<div class=\"wp-block-group is-vertical is-content-justification-center is-layout-flex wp-container-core-group-is-layout-4b2eccd6 wp-block-group-is-layout-flex\">\n<div class=\"wp-block-columns is-layout-flex wp-container-core-columns-is-layout-9d6595d7 wp-block-columns-is-layout-flex\">\n<div class=\"wp-block-column is-layout-flow wp-block-column-is-layout-flow\" style=\"flex-basis:100%\">\n<div class=\"wp-block-gutenbee-column block-e4cea8-b9e1-49\"><style>.wp-block-gutenbee-column.block-e4cea8-b9e1-49 > .wp-block-gutenbee-column-content { margin-top: 50px; height: 449px; }\n.wp-block-gutenbee-column.block-e4cea8-b9e1-49 { flex-basis: [object Object]%; }<\/style><div class=\"wp-block-gutenbee-column-content\">\n<h3 id=\"block-eb6f87-cf1c-43\" class=\"wp-block-gutenbee-heading block-eb6f87-cf1c-43\">Alyser de Maquinaria S.L.<\/h3><style>.wp-block-gutenbee-heading.block-eb6f87-cf1c-43 { text-align: center; }<\/style>\n\n\n\n<p class=\"has-text-align-center\">B04303392<\/p>\n\n\n\n<p class=\"has-text-align-center\">info@alyser.es<br>950453550   &#8211;  670835408<br><br>C\/ La Pernera, 16 Pol. Ind. Aljoroque<br>04628 &#8211; ANTAS &#8211; ALMERIA<\/p>\n\n\n<div class=\"is-style-default wp-block-site-logo\"><a href=\"https:\/\/alyser.es\/\" class=\"custom-logo-link\" rel=\"home\"><img loading=\"lazy\" decoding=\"async\" width=\"517\" height=\"139\" src=\"https:\/\/alyser.es\/wp-content\/uploads\/2026\/03\/cropped-DE-MAQUINARIA-S.L.-2.png\" class=\"custom-logo\" alt=\"ALYSER DE MAQUINARIA\"   \/><\/a><\/div><\/div><\/div>\n<\/div>\n<\/div>\n<\/div>\n\n\n\n<p><\/p>\n","protected":false},"excerpt":{"rendered":"","protected":false},"author":1,"featured_media":0,"parent":0,"menu_order":0,"comment_status":"closed","ping_status":"closed","template":"templates\/template-fullwidth.php","meta":{"inline_featured_image":false,"footnotes":""},"class_list":["post-98","page","type-page","status-publish","hentry"],"_links":{"self":[{"href":"https:\/\/alyser.es\/index.php?rest_route=\/wp\/v2\/pages\/98","targetHints":{"allow":["GET"]}}],"collection":[{"href":"https:\/\/alyser.es\/index.php?rest_route=\/wp\/v2\/pages"}],"about":[{"href":"https:\/\/alyser.es\/index.php?rest_route=\/wp\/v2\/types\/page"}],"author":[{"embeddable":true,"href":"https:\/\/alyser.es\/index.php?rest_route=\/wp\/v2\/users\/1"}],"replies":[{"embeddable":true,"href":"https:\/\/alyser.es\/index.php?rest_route=%2Fwp%2Fv2%2Fcomments&post=98"}],"version-history":[{"count":26,"href":"https:\/\/alyser.es\/index.php?rest_route=\/wp\/v2\/pages\/98\/revisions"}],"predecessor-version":[{"id":190,"href":"https:\/\/alyser.es\/index.php?rest_route=\/wp\/v2\/pages\/98\/revisions\/190"}],"wp:attachment":[{"href":"https:\/\/alyser.es\/index.php?rest_route=%2Fwp%2Fv2%2Fmedia&parent=98"}],"curies":[{"name":"wp","href":"https:\/\/api.w.org\/{rel}","templated":true}]}}